{"id":6761,"date":"2024-06-13T08:58:18","date_gmt":"2024-06-13T07:58:18","guid":{"rendered":"https:\/\/alphamedic.hr\/impressum\/"},"modified":"2024-06-13T09:00:24","modified_gmt":"2024-06-13T08:00:24","slug":"impressum","status":"publish","type":"page","link":"https:\/\/alphamedic.hr\/en\/impressum\/","title":{"rendered":"Impressum"},"content":{"rendered":"\n<h3 class=\"wp-block-heading\">Legal information<\/h3>\n\n\n\n<p><strong>Company&#8217;s headquarters<\/strong>:<\/p>\n\n\n\n<p>Instant Care Clinic d.o.o.<br>Dr. Andrije Mohorovi\u010di\u0107a 18<br>51410 Volosko<br>OIB: HR 82455593187<br>IBAN: HR0424020061101201574 Erste&amp;Steierm\u00e4rkische Bank<\/p>\n\n\n\n<p><strong>Location:<\/strong><\/p>\n\n\n\n<p>Zametska 13<br>51000 Rijeka<\/p>\n","protected":false},"excerpt":{"rendered":"<p>Legal information Company&#8217;s headquarters: Instant Care Clinic d.o.o.Dr. Andrije Mohorovi\u010di\u0107a 1851410 VoloskoOIB: HR 82455593187IBAN: HR0424020061101201574 Erste&amp;Steierm\u00e4rkische Bank Location: Zametska 1351000 Rijeka<\/p>\n","protected":false},"author":3,"featured_media":0,"parent":0,"menu_order":0,"comment_status":"closed","ping_status":"closed","template":"","meta":{"_acf_changed":false,"slim_seo":{"title":"Impressum - Alpha Medic","description":"Legal information Company's headquarters : Instant Care Clinic d.o.o. Dr. Andrije Mohorovi\u010di\u0107a 18 51410 Volosko OIB: HR 82455593187 IBAN: HR0424020061101201574"},"footnotes":""},"class_list":["post-6761","page","type-page","status-publish","hentry"],"acf":[],"_links":{"self":[{"href":"https:\/\/alphamedic.hr\/en\/wp-json\/wp\/v2\/pages\/6761","targetHints":{"allow":["GET"]}}],"collection":[{"href":"https:\/\/alphamedic.hr\/en\/wp-json\/wp\/v2\/pages"}],"about":[{"href":"https:\/\/alphamedic.hr\/en\/wp-json\/wp\/v2\/types\/page"}],"author":[{"embeddable":true,"href":"https:\/\/alphamedic.hr\/en\/wp-json\/wp\/v2\/users\/3"}],"replies":[{"embeddable":true,"href":"https:\/\/alphamedic.hr\/en\/wp-json\/wp\/v2\/comments?post=6761"}],"version-history":[{"count":1,"href":"https:\/\/alphamedic.hr\/en\/wp-json\/wp\/v2\/pages\/6761\/revisions"}],"predecessor-version":[{"id":6762,"href":"https:\/\/alphamedic.hr\/en\/wp-json\/wp\/v2\/pages\/6761\/revisions\/6762"}],"wp:attachment":[{"href":"https:\/\/alphamedic.hr\/en\/wp-json\/wp\/v2\/media?parent=6761"}],"curies":[{"name":"wp","href":"https:\/\/api.w.org\/{rel}","templated":true}]}}